{"id":769,"date":"2026-04-10T10:18:17","date_gmt":"2026-04-10T10:18:17","guid":{"rendered":"https:\/\/studio.rosyfharia.com.br\/?page_id=769"},"modified":"2026-04-10T10:57:24","modified_gmt":"2026-04-10T10:57:24","slug":"curso-presencial","status":"publish","type":"page","link":"https:\/\/studio.rosyfharia.com.br\/fr\/curso-presencial\/","title":{"rendered":"Curso presencial | M\u00e9todo Rosy Fharia | Leads"},"content":{"rendered":"\t\t<div data-elementor-type=\"wp-page\" data-elementor-id=\"769\" class=\"elementor elementor-769\" data-elementor-post-type=\"page\">\n\t\t\t\t<div class=\"elementor-element elementor-element-1821d5d e-con-full e-flex e-con e-parent\" data-id=\"1821d5d\" data-element_type=\"container\" data-e-type=\"container\" data-settings=\"{&quot;background_background&quot;:&quot;video&quot;,&quot;background_video_link&quot;:&quot;https:\\\/\\\/vimeo.com\\\/1105155663&quot;,&quot;background_play_on_mobile&quot;:&quot;yes&quot;,&quot;background_privacy_mode&quot;:&quot;yes&quot;}\">\n\t\t<div class=\"elementor-background-video-container\">\n\t\t\t\t\t\t\t<div class=\"elementor-background-video-embed\" role=\"presentation\"><\/div>\n\t\t\t\t\t\t<\/div>\t\t<div class=\"elementor-element elementor-element-43ceec8 elementor-widget elementor-widget-image\" data-id=\"43ceec8\" data-element_type=\"widget\" data-e-type=\"widget\" data-widget_type=\"image.default\">\n\t\t\t\t<div class=\"elementor-widget-container\">\n\t\t\t\t\t\t\t\t\t\t\t\t\t\t\t<img fetchpriority=\"high\" decoding=\"async\" width=\"800\" height=\"103\" src=\"https:\/\/studio.rosyfharia.com.br\/wp-content\/uploads\/2025\/07\/rosyfharia_logo_white-1024x132.webp\" class=\"attachment-large size-large wp-image-456\" alt=\"\" srcset=\"https:\/\/studio.rosyfharia.com.br\/wp-content\/uploads\/2025\/07\/rosyfharia_logo_white-1024x132.webp 1024w, https:\/\/studio.rosyfharia.com.br\/wp-content\/uploads\/2025\/07\/rosyfharia_logo_white-300x39.webp 300w, https:\/\/studio.rosyfharia.com.br\/wp-content\/uploads\/2025\/07\/rosyfharia_logo_white-768x99.webp 768w, https:\/\/studio.rosyfharia.com.br\/wp-content\/uploads\/2025\/07\/rosyfharia_logo_white-1536x199.webp 1536w, https:\/\/studio.rosyfharia.com.br\/wp-content\/uploads\/2025\/07\/rosyfharia_logo_white-2048x265.webp 2048w\" sizes=\"(max-width: 800px) 100vw, 800px\" \/>\t\t\t\t\t\t\t\t\t\t\t\t\t\t\t<\/div>\n\t\t\t\t<\/div>\n\t\t\t\t<div class=\"elementor-element elementor-element-7b2f90a elementor-widget elementor-widget-text-editor\" data-id=\"7b2f90a\" data-element_type=\"widget\" data-e-type=\"widget\" data-widget_type=\"text-editor.default\">\n\t\t\t\t<div class=\"elementor-widget-container\">\n\t\t\t\t\t\t\t\t\t<p data-start=\"243\" data-end=\"333\">Curso Presencial | M\u00e9todo Rosy Fharia<\/p>\t\t\t\t\t\t\t\t<\/div>\n\t\t\t\t<\/div>\n\t\t\t\t<div class=\"elementor-element elementor-element-3951e54 elementor-widget elementor-widget-heading\" data-id=\"3951e54\" data-element_type=\"widget\" data-e-type=\"widget\" data-widget_type=\"heading.default\">\n\t\t\t\t<div class=\"elementor-widget-container\">\n\t\t\t\t\t<h1 class=\"elementor-heading-title elementor-size-default\">Aprenda o M\u00e9todo para alongar qualquer cabelo com confian\u00e7a<\/h1>\t\t\t\t<\/div>\n\t\t\t\t<\/div>\n\t\t\t\t<div class=\"elementor-element elementor-element-8ea134f elementor-widget elementor-widget-text-editor\" data-id=\"8ea134f\" data-element_type=\"widget\" data-e-type=\"widget\" data-widget_type=\"text-editor.default\">\n\t\t\t\t<div class=\"elementor-widget-container\">\n\t\t\t\t\t\t\t\t\t<p data-start=\"88\" data-end=\"295\">Com o M\u00e9todo Rosy Fharia, voc\u00ea desenvolve vis\u00e3o profissional e dom\u00ednio t\u00e9cnico para atender com precis\u00e3o, personaliza\u00e7\u00e3o e seguran\u00e7a, independentemente do tipo de cabelo ou da complexidade de cada caso.<\/p>\n<p data-start=\"88\" data-end=\"295\">Aprenda:<\/p>\t\t\t\t\t\t\t\t<\/div>\n\t\t\t\t<\/div>\n\t\t\t\t<div class=\"elementor-element elementor-element-d5fa81d elementor-widget elementor-widget-text-editor\" data-id=\"d5fa81d\" data-element_type=\"widget\" data-e-type=\"widget\" data-widget_type=\"text-editor.default\">\n\t\t\t\t<div class=\"elementor-widget-container\">\n\t\t\t\t\t\t\t\t\t<ul><li data-start=\"297\" data-end=\"439\">A fazer o diagn\u00f3stico preciso<\/li><li data-start=\"297\" data-end=\"439\">T\u00e9cnica de Micro e Nanoc\u00e1psulas de Queratina<\/li><li data-start=\"297\" data-end=\"439\">T\u00e9cnica de Fita Adesiva<\/li><li data-start=\"297\" data-end=\"439\">Tipos de finaliza\u00e7\u00e3o<\/li><li data-start=\"297\" data-end=\"439\">E outros recursos essenciais dentro de um m\u00e9todo completo de atendimento<\/li><\/ul>\t\t\t\t\t\t\t\t<\/div>\n\t\t\t\t<\/div>\n\t\t\t\t<div class=\"elementor-element elementor-element-2a40bdb elementor-widget elementor-widget-heading\" data-id=\"2a40bdb\" data-element_type=\"widget\" data-e-type=\"widget\" data-widget_type=\"heading.default\">\n\t\t\t\t<div class=\"elementor-widget-container\">\n\t\t\t\t\t<h1 class=\"elementor-heading-title elementor-size-default\">N\u00e3o perca essa oportunidade<\/h1>\t\t\t\t<\/div>\n\t\t\t\t<\/div>\n\t\t\t\t<div class=\"elementor-element elementor-element-f5fe4e3 elementor-widget elementor-widget-text-editor\" data-id=\"f5fe4e3\" data-element_type=\"widget\" data-e-type=\"widget\" data-widget_type=\"text-editor.default\">\n\t\t\t\t<div class=\"elementor-widget-container\">\n\t\t\t\t\t\t\t\t\t<p data-start=\"88\" data-end=\"295\">Se inscreva para ser avisado quando uma nova turma for aberta.<\/p>\t\t\t\t\t\t\t\t<\/div>\n\t\t\t\t<\/div>\n\t\t\t\t<div class=\"elementor-element elementor-element-0ac1b3d elementor-widget elementor-widget-formidable\" data-id=\"0ac1b3d\" data-element_type=\"widget\" data-e-type=\"widget\" data-widget_type=\"formidable.default\">\n\t\t\t\t<div class=\"elementor-widget-container\">\n\t\t\t\t\t<div class=\"frm_forms  with_frm_style frm_style_estilo-formidable\" id=\"frm_form_4_container\" data-token=\"18f666713ee400dbea0fe71d3d32db45\">\n<form enctype=\"multipart\/form-data\" method=\"post\" class=\"frm-show-form \" id=\"form_cursopresencial-07-09-20252\" data-token=\"18f666713ee400dbea0fe71d3d32db45\">\n<div class=\"frm_form_fields \">\n<fieldset>\n<legend class=\"frm_screen_reader\">Curso presencial | M\u00e9todo Rosy Fharia | Leads<\/legend>\r\n\r\n<div class=\"frm_fields_container\">\n<input type=\"hidden\" name=\"frm_action\" value=\"create\" \/>\n<input type=\"hidden\" name=\"form_id\" value=\"4\" \/>\n<input type=\"hidden\" name=\"frm_hide_fields_4\" id=\"frm_hide_fields_4\" value=\"\" \/>\n<input type=\"hidden\" name=\"form_key\" value=\"cursopresencial-07-09-20252\" \/>\n<input type=\"hidden\" name=\"item_meta[0]\" value=\"\" \/>\n<input type=\"hidden\" id=\"frm_submit_entry_4\" name=\"frm_submit_entry_4\" value=\"5de9659f05\" \/><input type=\"hidden\" name=\"_wp_http_referer\" value=\"\/fr\/wp-json\/wp\/v2\/pages\/769\" \/><div id=\"frm_field_12_container\" class=\"frm_form_field form-field  frm_required_field frm_none_container\">\r\n\t<div  id=\"field_qa6yr2_label\" class=\"frm_primary_label\">Nome\r\n\t\t<span class=\"frm_required\" aria-hidden=\"true\">*<\/span>\r\n\t<\/div>\r\n\t<fieldset aria-labelledby=\"field_qa6yr2_label\">\n\t<legend class=\"frm_screen_reader frm_hidden\">\n\t\tNome\t<\/legend>\n\n\t<div  class=\"frm_combo_inputs_container\" id=\"frm_combo_inputs_container_12\" data-name-layout=\"first_last\">\n\t\t\t\t\t<div\n\t\t\t\tid=\"frm_field_12-first_container\"\n\t\t\t\tclass=\"frm_form_field form-field frm_form_subfield-first  frm6\"\n\t\t\t\tdata-sub-field-name=\"first\"\n\t\t\t>\n\t\t\t\t<label for=\"field_qa6yr2_first\" class=\"frm_screen_reader frm_hidden\">\n\t\t\t\t\tNome\t\t\t\t<\/label>\n\n\t\t\t\t<input  type=\"text\" id=\"field_qa6yr2_first\" value=\"\" name=\"item_meta[12][first]\" autocomplete=\"given-name\" placeholder=\"Nome\" data-reqmsg=\"O Nome n\u00e3o pode ficar em branco.\" aria-required=\"true\" data-invmsg=\"Nome est non valide\" aria-invalid=\"false\"  \/>\t\t\t<\/div>\n\t\t\t\t\t\t<div\n\t\t\t\tid=\"frm_field_12-last_container\"\n\t\t\t\tclass=\"frm_form_field form-field frm_form_subfield-last  frm6\"\n\t\t\t\tdata-sub-field-name=\"last\"\n\t\t\t>\n\t\t\t\t<label for=\"field_qa6yr2_last\" class=\"frm_screen_reader frm_hidden\">\n\t\t\t\t\tNome\t\t\t\t<\/label>\n\n\t\t\t\t<input  type=\"text\" id=\"field_qa6yr2_last\" value=\"\" name=\"item_meta[12][last]\" autocomplete=\"family-name\" placeholder=\"Sobrenome\" data-reqmsg=\"O Nome n\u00e3o pode ficar em branco.\" aria-required=\"true\" data-invmsg=\"Nome est non valide\" aria-invalid=\"false\"  \/>\t\t\t<\/div>\n\t\t\t\t<\/div>\n<\/fieldset>\n\r\n\t\r\n\t\r\n<\/div>\n<div id=\"frm_field_13_container\" class=\"frm_form_field form-field  frm_required_field frm_none_container\">\r\n\t<label for=\"field_x91232\" id=\"field_x91232_label\" class=\"frm_primary_label\">E-mail\r\n\t\t<span class=\"frm_required\" aria-hidden=\"true\">*<\/span>\r\n\t<\/label>\r\n\t<input type=\"email\" id=\"field_x91232\" name=\"item_meta[13]\" value=\"\"  placeholder=\"E-mail\" data-reqmsg=\"O E-mail n\u00e3o pode ficar em branco.\" aria-required=\"true\" data-invmsg=\"E-mail \u00e9 inv\u00e1lido\" aria-invalid=\"false\"  \/>\r\n\t\r\n\t\r\n<\/div>\n<div id=\"frm_field_14_container\" class=\"frm_form_field form-field  frm_none_container\">\r\n\t<label for=\"field_pckib2\" id=\"field_pckib2_label\" class=\"frm_primary_label\">N\u00famero do WhatsApp (com DDD)\r\n\t\t<span class=\"frm_required\" aria-hidden=\"true\"><\/span>\r\n\t<\/label>\r\n\t<input type=\"tel\" id=\"field_pckib2\" name=\"item_meta[14]\" value=\"\"  placeholder=\"N\u00famero do WhatsApp (com DDD)\" data-invmsg=\"N\u00famero do WhatsApp (com DDD) \u00e9 inv\u00e1lido\" aria-invalid=\"false\" pattern=\"((\\+\\d{1,3}(-|.| )?\\(?\\d\\)?(-| |.)?\\d{1,5})|(\\(?\\d{2,6}\\)?))(-|.| )?(\\d{3,4})(-|.| )?(\\d{4})(( x| ext)\\d{1,5}){0,1}$\"  \/>\r\n\t\r\n\t\r\n<\/div>\n<div id=\"frm_field_16_container\" class=\"frm_form_field form-field  frm_top_container\">\n\t<label for=\"field_te585\" id=\"field_te585_label\" class=\"frm_primary_label\">Qual \u00e9 o seu momento profissional?\n\t\t<span class=\"frm_required\" aria-hidden=\"true\"><\/span>\n\t<\/label>\n\t\t\t<select name=\"item_meta[16]\" id=\"field_te585\"  data-invmsg=\"Qual \u00e9 o seu momento profissional? \u00e9 inv\u00e1lido\" aria-invalid=\"false\"  >\n\t\t<option  value=\"Trabalho em um sal\u00e3o\">Trabalho em um sal\u00e3o<\/option><option  value=\"Sou dona(o) de sal\u00e3o\">Sou dona(o) de sal\u00e3o<\/option><option  value=\"Atuo como profissional freelancer\">Atuo como profissional freelancer<\/option><option  value=\"Ainda n\u00e3o trabalho na \u00e1rea, mas quero come\u00e7ar\">Ainda n\u00e3o trabalho na \u00e1rea, mas quero come\u00e7ar<\/option><option  value=\"Estou em transi\u00e7\u00e3o para a \u00e1rea da beleza\">Estou em transi\u00e7\u00e3o para a \u00e1rea da beleza<\/option>\t<\/select>\n\t\n\t\n\t\n<\/div>\n<div id=\"frm_field_17_container\" class=\"frm_form_field form-field  frm_none_container\">\n\t<label for=\"field_lzis4\" id=\"field_lzis4_label\" class=\"frm_primary_label\">Tem um recado ou sugest\u00e3o para a Rosy? Deixe sua mensagem aqui (ela ir\u00e1 ler todas).\n\t\t<span class=\"frm_required\" aria-hidden=\"true\"><\/span>\n\t<\/label>\n\t<textarea name=\"item_meta[17]\" id=\"field_lzis4\" rows=\"5\"  placeholder=\"Tem um recado ou sugest\u00e3o para a Rosy? Deixe sua mensagem aqui (ela ir\u00e1 ler todas).\" data-invmsg=\"Tem um recado ou sugest\u00e3o para a Rosy? Deixe sua mensagem aqui (ela ir\u00e1 ler todas). est non valide\" aria-invalid=\"false\"  ><\/textarea>\n\t\n\t\n<\/div>\n<div id=\"frm_field_15_container\" class=\"frm_form_field form-field \">\r\n\t<div class=\"frm_submit frm_flex\">\r\n<button class=\"frm_button_submit\" type=\"submit\"  >ME AVISE SOBRE A NOVA TURMA<\/button>\r\n\r\n\r\n\r\n<\/div>\r\n<\/div>\n\t<input type=\"hidden\" name=\"item_key\" value=\"\" \/>\n\t\t\t<div id=\"frm_field_18_container\">\n\t\t\t<label for=\"field_clt0u\" >\n\t\t\t\tSi vous \u00eates un humain, ne remplissez pas ce champ.\t\t\t<\/label>\n\t\t\t<input  id=\"field_clt0u\" type=\"text\" class=\"frm_form_field form-field frm_verify\" name=\"item_meta[18]\" value=\"\"  \/>\n\t\t<\/div>\n\t\t<input name=\"frm_state\" type=\"hidden\" value=\"K5EhNDDig70kkmrMIPdD2Wy5BB\/kRRLR1uptXfMTnYM=\" \/><\/div>\n<\/fieldset>\n<\/div>\n\n<\/form>\n<\/div>\n\t\t\t\t<\/div>\n\t\t\t\t<\/div>\n\t\t\t\t<\/div>\n\t\t\t\t<\/div>\n\t\t","protected":false},"excerpt":{"rendered":"<p>Se inscreva e seja avisado quando a nova turma do Curso Presencial do M\u00e9todo Rosy Fharia for anunciada<\/p>","protected":false},"author":2,"featured_media":436,"parent":0,"menu_order":0,"comment_status":"closed","ping_status":"closed","template":"elementor_canvas","meta":{"footnotes":""},"class_list":["post-769","page","type-page","status-publish","has-post-thumbnail","hentry"],"yoast_head":"<!-- This site is optimized with the Yoast SEO plugin v27.3 - https:\/\/yoast.com\/product\/yoast-seo-wordpress\/ -->\n<title>Curso Presencial | M\u00e9todo Rosy Fharia | Seja avisado<\/title>\n<meta name=\"description\" content=\"Se inscreva e seja avisado quando a nova turma do Curso Presencial do M\u00e9todo Rosy Fharia for anunciada\" \/>\n<meta name=\"robots\" content=\"index, follow, max-snippet:-1, max-image-preview:large, max-video-preview:-1\" \/>\n<link rel=\"canonical\" href=\"https:\/\/studio.rosyfharia.com.br\/fr\/curso-presencial\/\" \/>\n<meta property=\"og:locale\" content=\"fr_FR\" \/>\n<meta property=\"og:type\" content=\"article\" \/>\n<meta property=\"og:title\" content=\"Curso Presencial | M\u00e9todo Rosy Fharia | Seja avisado\" \/>\n<meta property=\"og:description\" content=\"Se inscreva e seja avisado quando a nova turma do Curso Presencial do M\u00e9todo Rosy Fharia for anunciada\" \/>\n<meta property=\"og:url\" content=\"https:\/\/studio.rosyfharia.com.br\/fr\/curso-presencial\/\" \/>\n<meta property=\"og:site_name\" content=\"Rosy Fharia\" \/>\n<meta property=\"article:modified_time\" content=\"2026-04-10T10:57:24+00:00\" \/>\n<meta property=\"og:image\" content=\"https:\/\/studio.rosyfharia.com.br\/wp-content\/uploads\/2025\/07\/curso-08.jpg\" \/>\n\t<meta property=\"og:image:width\" content=\"1920\" \/>\n\t<meta property=\"og:image:height\" content=\"1080\" \/>\n\t<meta property=\"og:image:type\" content=\"image\/jpeg\" \/>\n<meta name=\"twitter:card\" content=\"summary_large_image\" \/>\n<meta name=\"twitter:label1\" content=\"Dur\u00e9e de lecture estim\u00e9e\" \/>\n\t<meta name=\"twitter:data1\" content=\"2 minutes\" \/>\n<script type=\"application\/ld+json\" class=\"yoast-schema-graph\">{\"@context\":\"https:\\\/\\\/schema.org\",\"@graph\":[{\"@type\":\"WebPage\",\"@id\":\"https:\\\/\\\/studio.rosyfharia.com.br\\\/curso-presencial\\\/\",\"url\":\"https:\\\/\\\/studio.rosyfharia.com.br\\\/curso-presencial\\\/\",\"name\":\"Curso Presencial | M\u00e9todo Rosy Fharia | Seja avisado\",\"isPartOf\":{\"@id\":\"https:\\\/\\\/studio.rosyfharia.com.br\\\/#website\"},\"primaryImageOfPage\":{\"@id\":\"https:\\\/\\\/studio.rosyfharia.com.br\\\/curso-presencial\\\/#primaryimage\"},\"image\":{\"@id\":\"https:\\\/\\\/studio.rosyfharia.com.br\\\/curso-presencial\\\/#primaryimage\"},\"thumbnailUrl\":\"https:\\\/\\\/studio.rosyfharia.com.br\\\/wp-content\\\/uploads\\\/2025\\\/07\\\/curso-08.jpg\",\"datePublished\":\"2026-04-10T10:18:17+00:00\",\"dateModified\":\"2026-04-10T10:57:24+00:00\",\"description\":\"Se inscreva e seja avisado quando a nova turma do Curso Presencial do M\u00e9todo Rosy Fharia for anunciada\",\"breadcrumb\":{\"@id\":\"https:\\\/\\\/studio.rosyfharia.com.br\\\/curso-presencial\\\/#breadcrumb\"},\"inLanguage\":\"fr-FR\",\"potentialAction\":[{\"@type\":\"ReadAction\",\"target\":[\"https:\\\/\\\/studio.rosyfharia.com.br\\\/curso-presencial\\\/\"]}]},{\"@type\":\"ImageObject\",\"inLanguage\":\"fr-FR\",\"@id\":\"https:\\\/\\\/studio.rosyfharia.com.br\\\/curso-presencial\\\/#primaryimage\",\"url\":\"https:\\\/\\\/studio.rosyfharia.com.br\\\/wp-content\\\/uploads\\\/2025\\\/07\\\/curso-08.jpg\",\"contentUrl\":\"https:\\\/\\\/studio.rosyfharia.com.br\\\/wp-content\\\/uploads\\\/2025\\\/07\\\/curso-08.jpg\",\"width\":1920,\"height\":1080},{\"@type\":\"BreadcrumbList\",\"@id\":\"https:\\\/\\\/studio.rosyfharia.com.br\\\/curso-presencial\\\/#breadcrumb\",\"itemListElement\":[{\"@type\":\"ListItem\",\"position\":1,\"name\":\"In\u00edcio\",\"item\":\"https:\\\/\\\/studio.rosyfharia.com.br\\\/\"},{\"@type\":\"ListItem\",\"position\":2,\"name\":\"Curso presencial | M\u00e9todo Rosy Fharia | Leads\"}]},{\"@type\":\"WebSite\",\"@id\":\"https:\\\/\\\/studio.rosyfharia.com.br\\\/#website\",\"url\":\"https:\\\/\\\/studio.rosyfharia.com.br\\\/\",\"name\":\"Rosy Fharia\",\"description\":\"Alongamento de cabelos\",\"potentialAction\":[{\"@type\":\"SearchAction\",\"target\":{\"@type\":\"EntryPoint\",\"urlTemplate\":\"https:\\\/\\\/studio.rosyfharia.com.br\\\/?s={search_term_string}\"},\"query-input\":{\"@type\":\"PropertyValueSpecification\",\"valueRequired\":true,\"valueName\":\"search_term_string\"}}],\"inLanguage\":\"fr-FR\"}]}<\/script>\n<!-- \/ Yoast SEO plugin. -->","yoast_head_json":{"title":"Curso Presencial | M\u00e9todo Rosy Fharia | Seja avisado","description":"Se inscreva e seja avisado quando a nova turma do Curso Presencial do M\u00e9todo Rosy Fharia for anunciada","robots":{"index":"index","follow":"follow","max-snippet":"max-snippet:-1","max-image-preview":"max-image-preview:large","max-video-preview":"max-video-preview:-1"},"canonical":"https:\/\/studio.rosyfharia.com.br\/fr\/curso-presencial\/","og_locale":"fr_FR","og_type":"article","og_title":"Curso Presencial | M\u00e9todo Rosy Fharia | Seja avisado","og_description":"Se inscreva e seja avisado quando a nova turma do Curso Presencial do M\u00e9todo Rosy Fharia for anunciada","og_url":"https:\/\/studio.rosyfharia.com.br\/fr\/curso-presencial\/","og_site_name":"Rosy Fharia","article_modified_time":"2026-04-10T10:57:24+00:00","og_image":[{"width":1920,"height":1080,"url":"https:\/\/studio.rosyfharia.com.br\/wp-content\/uploads\/2025\/07\/curso-08.jpg","type":"image\/jpeg"}],"twitter_card":"summary_large_image","twitter_misc":{"Dur\u00e9e de lecture estim\u00e9e":"2 minutes"},"schema":{"@context":"https:\/\/schema.org","@graph":[{"@type":"WebPage","@id":"https:\/\/studio.rosyfharia.com.br\/curso-presencial\/","url":"https:\/\/studio.rosyfharia.com.br\/curso-presencial\/","name":"Curso Presencial | M\u00e9todo Rosy Fharia | Seja avisado","isPartOf":{"@id":"https:\/\/studio.rosyfharia.com.br\/#website"},"primaryImageOfPage":{"@id":"https:\/\/studio.rosyfharia.com.br\/curso-presencial\/#primaryimage"},"image":{"@id":"https:\/\/studio.rosyfharia.com.br\/curso-presencial\/#primaryimage"},"thumbnailUrl":"https:\/\/studio.rosyfharia.com.br\/wp-content\/uploads\/2025\/07\/curso-08.jpg","datePublished":"2026-04-10T10:18:17+00:00","dateModified":"2026-04-10T10:57:24+00:00","description":"Se inscreva e seja avisado quando a nova turma do Curso Presencial do M\u00e9todo Rosy Fharia for anunciada","breadcrumb":{"@id":"https:\/\/studio.rosyfharia.com.br\/curso-presencial\/#breadcrumb"},"inLanguage":"fr-FR","potentialAction":[{"@type":"ReadAction","target":["https:\/\/studio.rosyfharia.com.br\/curso-presencial\/"]}]},{"@type":"ImageObject","inLanguage":"fr-FR","@id":"https:\/\/studio.rosyfharia.com.br\/curso-presencial\/#primaryimage","url":"https:\/\/studio.rosyfharia.com.br\/wp-content\/uploads\/2025\/07\/curso-08.jpg","contentUrl":"https:\/\/studio.rosyfharia.com.br\/wp-content\/uploads\/2025\/07\/curso-08.jpg","width":1920,"height":1080},{"@type":"BreadcrumbList","@id":"https:\/\/studio.rosyfharia.com.br\/curso-presencial\/#breadcrumb","itemListElement":[{"@type":"ListItem","position":1,"name":"In\u00edcio","item":"https:\/\/studio.rosyfharia.com.br\/"},{"@type":"ListItem","position":2,"name":"Curso presencial | M\u00e9todo Rosy Fharia | Leads"}]},{"@type":"WebSite","@id":"https:\/\/studio.rosyfharia.com.br\/#website","url":"https:\/\/studio.rosyfharia.com.br\/","name":"Rosy Fharia","description":"Alongamento de cabelos","potentialAction":[{"@type":"SearchAction","target":{"@type":"EntryPoint","urlTemplate":"https:\/\/studio.rosyfharia.com.br\/?s={search_term_string}"},"query-input":{"@type":"PropertyValueSpecification","valueRequired":true,"valueName":"search_term_string"}}],"inLanguage":"fr-FR"}]}},"_links":{"self":[{"href":"https:\/\/studio.rosyfharia.com.br\/fr\/wp-json\/wp\/v2\/pages\/769","targetHints":{"allow":["GET"]}}],"collection":[{"href":"https:\/\/studio.rosyfharia.com.br\/fr\/wp-json\/wp\/v2\/pages"}],"about":[{"href":"https:\/\/studio.rosyfharia.com.br\/fr\/wp-json\/wp\/v2\/types\/page"}],"author":[{"embeddable":true,"href":"https:\/\/studio.rosyfharia.com.br\/fr\/wp-json\/wp\/v2\/users\/2"}],"replies":[{"embeddable":true,"href":"https:\/\/studio.rosyfharia.com.br\/fr\/wp-json\/wp\/v2\/comments?post=769"}],"version-history":[{"count":52,"href":"https:\/\/studio.rosyfharia.com.br\/fr\/wp-json\/wp\/v2\/pages\/769\/revisions"}],"predecessor-version":[{"id":825,"href":"https:\/\/studio.rosyfharia.com.br\/fr\/wp-json\/wp\/v2\/pages\/769\/revisions\/825"}],"wp:featuredmedia":[{"embeddable":true,"href":"https:\/\/studio.rosyfharia.com.br\/fr\/wp-json\/wp\/v2\/media\/436"}],"wp:attachment":[{"href":"https:\/\/studio.rosyfharia.com.br\/fr\/wp-json\/wp\/v2\/media?parent=769"}],"curies":[{"name":"wp","href":"https:\/\/api.w.org\/{rel}","templated":true}]}}